{"id":14,"date":"2026-03-18T20:07:59","date_gmt":"2026-03-18T20:07:59","guid":{"rendered":"http:\/\/areaplant.pl\/?page_id=14"},"modified":"2026-03-18T22:53:09","modified_gmt":"2026-03-18T21:53:09","slug":"home","status":"publish","type":"page","link":"https:\/\/areaplant.pl\/","title":{"rendered":"AREA PLANT"},"content":{"rendered":"\n<p class=\"has-text-align-center\">Zajmujemy si\u0119 projektowaniem, budow\u0105 i kompleksow\u0105 piel\u0119gnacj\u0105 ogrod\u00f3w, tworz\u0105c przestrzenie, kt\u00f3re urzekaj\u0105 estetyk\u0105, funkcjonalno\u015bci\u0105 i dba\u0142o\u015bci\u0105 o ka\u017cdy detal. Nasze realizacje powstaj\u0105 z po\u0142\u0105czenia kreatywnej wizji, nowoczesnych rozwi\u0105za\u0144 i wieloletniego do\u015bwiadczenia, dzi\u0119ki czemu ka\u017cdy ogr\u00f3d staje si\u0119 wyj\u0105tkowym miejscem do odpoczynku, spotka\u0144 i codziennej rado\u015bci.<\/p>\n\n\n\n<p class=\"has-text-align-left\">Strona znajduje si\u0119 w przebudowie, zapraszamy do bezpo\u015bredniego kontaktu.<\/p>\n","protected":false},"excerpt":{"rendered":"<p>Zajmujemy si\u0119 projektowaniem, budow\u0105 i kompleksow\u0105 piel\u0119gnacj\u0105 ogrod\u00f3w, tworz\u0105c przestrzenie, kt\u00f3re urzekaj\u0105 estetyk\u0105, funkcjonalno\u015bci\u0105 i dba\u0142o\u015bci\u0105 o ka\u017cdy detal. Nasze realizacje powstaj\u0105 z po\u0142\u0105czenia kreatywnej wizji, nowoczesnych rozwi\u0105za\u0144 i wieloletniego do\u015bwiadczenia, dzi\u0119ki czemu ka\u017cdy ogr\u00f3d staje si\u0119 wyj\u0105tkowym miejscem do odpoczynku, spotka\u0144 i codziennej rado\u015bci. Strona znajduje si\u0119 w przebudowie, zapraszamy do bezpo\u015bredniego kontaktu.<\/p>\n","protected":false},"author":1,"featured_media":0,"parent":0,"menu_order":0,"comment_status":"closed","ping_status":"closed","template":"","meta":{"footnotes":""},"class_list":["post-14","page","type-page","status-publish","hentry"],"_links":{"self":[{"href":"https:\/\/areaplant.pl\/index.php?rest_route=\/wp\/v2\/pages\/14","targetHints":{"allow":["GET"]}}],"collection":[{"href":"https:\/\/areaplant.pl\/index.php?rest_route=\/wp\/v2\/pages"}],"about":[{"href":"https:\/\/areaplant.pl\/index.php?rest_route=\/wp\/v2\/types\/page"}],"author":[{"embeddable":true,"href":"https:\/\/areaplant.pl\/index.php?rest_route=\/wp\/v2\/users\/1"}],"replies":[{"embeddable":true,"href":"https:\/\/areaplant.pl\/index.php?rest_route=%2Fwp%2Fv2%2Fcomments&post=14"}],"version-history":[{"count":10,"href":"https:\/\/areaplant.pl\/index.php?rest_route=\/wp\/v2\/pages\/14\/revisions"}],"predecessor-version":[{"id":38,"href":"https:\/\/areaplant.pl\/index.php?rest_route=\/wp\/v2\/pages\/14\/revisions\/38"}],"wp:attachment":[{"href":"https:\/\/areaplant.pl\/index.php?rest_route=%2Fwp%2Fv2%2Fmedia&parent=14"}],"curies":[{"name":"wp","href":"https:\/\/api.w.org\/{rel}","templated":true}]}}